{"id":60,"date":"2025-02-07T20:06:17","date_gmt":"2025-02-07T20:06:17","guid":{"rendered":"https:\/\/scanda.com.mx\/?page_id=60"},"modified":"2025-08-27T23:06:45","modified_gmt":"2025-08-27T23:06:45","slug":"casos-de-exito","status":"publish","type":"page","link":"https:\/\/scanda.com.mx\/en\/success-stories\/","title":{"rendered":"Success Stories"},"content":{"rendered":"[et_pb_section fb_built=\u00bb1&#8243; admin_label=\u00bbsection\u00bb _builder_version=\u00bb4.16&#8243; min_height=\u00bb203.8px\u00bb custom_padding=\u00bb||6px|||\u00bb global_colors_info=\u00bb{}\u00bb][et_pb_row admin_label=\u00bbrow\u00bb _builder_version=\u00bb4.16&#8243; background_size=\u00bbinitial\u00bb background_position=\u00bbtop_left\u00bb background_repeat=\u00bbrepeat\u00bb global_colors_info=\u00bb{}\u00bb][et_pb_column type=\u00bb4_4&#8243; _builder_version=\u00bb4.16&#8243; custom_padding=\u00bb|||\u00bb global_colors_info=\u00bb{}\u00bb custom_padding__hover=\u00bb|||\u00bb][et_pb_text admin_label=\u00bbText\u00bb _builder_version=\u00bb4.16&#8243; background_size=\u00bbinitial\u00bb background_position=\u00bbtop_left\u00bb background_repeat=\u00bbrepeat\u00bb global_colors_info=\u00bb{}\u00bb][\/et_pb_text][\/et_pb_column][\/et_pb_row][\/et_pb_section][et_pb_section fb_built=\u00bb1&#8243; admin_label=\u00bbHeader &#038; Blog\u00bb _builder_version=\u00bb4.27.4&#8243; _module_preset=\u00bbdefault\u00bb background_color=\u00bb#000000&#8243; background_image=\u00bbhttp:\/\/scanda.com.mx\/wp-content\/uploads\/2025\/08\/Whitepaper_Ciberseguridad-Img8.webp\u00bb background_blend=\u00bbdifference\u00bb custom_padding=\u00bb||131px|||\u00bb locked=\u00bboff\u00bb collapsed=\u00bbon\u00bb global_colors_info=\u00bb{}\u00bb][et_pb_row _builder_version=\u00bb4.25.1&#8243; _module_preset=\u00bbdefault\u00bb global_colors_info=\u00bb{}\u00bb][et_pb_column type=\u00bb4_4&#8243; _builder_version=\u00bb4.25.1&#8243; _module_preset=\u00bbdefault\u00bb global_colors_info=\u00bb{}\u00bb][et_pb_heading title=\u00bbCasos de \u00e9xito\u00bb _builder_version=\u00bb4.27.4&#8243; _module_preset=\u00bbe2605660-96e9-4a81-9757-e5c3d2d31ac1&#8243; title_font=\u00bbInter|700|||||||\u00bb title_text_align=\u00bbcenter\u00bb title_text_color=\u00bb#FFFFFF\u00bb global_colors_info=\u00bb{}\u00bb][\/et_pb_heading][et_pb_text _builder_version=\u00bb4.27.4&#8243; _module_preset=\u00bbdefault\u00bb text_font=\u00bbInter||||||||\u00bb text_text_color=\u00bb#FFFFFF\u00bb text_font_size=\u00bb18px\u00bb global_colors_info=\u00bb{}\u00bb]Con m\u00e1s de 30 a\u00f1os de experiencia en el sector TI y m\u00e1s de 10,000 proyectos realizados 2, hemos demostrado c\u00f3mo la implementaci\u00f3n estrat\u00e9gica de servicios en la nube de AWS impulsa la innovaci\u00f3n y la eficiencia operativa en diversos sectores. Desde la optimizaci\u00f3n de procesos cr\u00edticos para la industria automotriz hasta garantizar la continuidad operativa en empresas l\u00e1cteas y educaci\u00f3n 1, cada caso evidencia nuestra capacidad para liberar el potencial de la nube con resultados medibles y sostenibles. Estos logros no solo destacan nuestra expertise t\u00e9cnica, sino tambi\u00e9n nuestro compromiso como aliados que acompa\u00f1an a cada cliente en su journey de transformaci\u00f3n digital, consolidando confianza y agregando valor tangible en cada proyecto.[\/et_pb_text][\/et_pb_column][\/et_pb_row][\/et_pb_section][et_pb_section fb_built=\u00bb1&#8243; admin_label=\u00bbHeader &#038; Blog\u00bb _builder_version=\u00bb4.25.1&#8243; _module_preset=\u00bbdefault\u00bb custom_margin=\u00bb-75px|||||\u00bb locked=\u00bboff\u00bb collapsed=\u00bbon\u00bb global_colors_info=\u00bb{}\u00bb][et_pb_row _builder_version=\u00bb4.25.1&#8243; _module_preset=\u00bbdefault\u00bb global_colors_info=\u00bb{}\u00bb][et_pb_column type=\u00bb4_4&#8243; _builder_version=\u00bb4.25.1&#8243; _module_preset=\u00bbdefault\u00bb global_colors_info=\u00bb{}\u00bb][et_pb_text _builder_version=\u00bb4.27.4&#8243; _module_preset=\u00bbdefault\u00bb text_font=\u00bbInter|700|||||||\u00bb text_font_size=\u00bb21px\u00bb global_colors_info=\u00bb{}\u00bb]Conoce Nuestros casos de \u00e9xito[\/et_pb_text][et_pb_blog posts_number=\u00bb9&#8243; include_categories=\u00bb17&#8243; show_author=\u00bboff\u00bb show_date=\u00bboff\u00bb show_categories=\u00bboff\u00bb show_excerpt=\u00bboff\u00bb show_pagination=\u00bboff\u00bb _builder_version=\u00bb4.27.4&#8243; _module_preset=\u00bb2d0668b6-2dfc-4a1a-b2f0-cfe769730bf1&#8243; header_font=\u00bbInter|700|||||||\u00bb header_font_size=\u00bb17px\u00bb read_more_font=\u00bbInter|700||on|||||\u00bb read_more_text_color=\u00bbgcid-8020c5c5-3063-43d3-92c5-9fcdd948cb76&#8243; read_more_font_size=\u00bb14px\u00bb hover_enabled=\u00bb0&#8243; locked=\u00bboff\u00bb global_colors_info=\u00bb{%22gcid-ac604ccf-913b-415a-bc09-d01fcf4084df%22:%91%22meta_text_color%22%93,%22gcid-5ce2ff5c-ec55-4afe-b04f-cda004e53cb8%22:%91%22pagination_text_color%22%93,%22gcid-8020c5c5-3063-43d3-92c5-9fcdd948cb76%22:%91%22read_more_text_color%22%93}\u00bb quote_font_size_tablet=\u00bb15px\u00bb quote_font_size_phone=\u00bb14px\u00bb quote_font_size_last_edited=\u00bbon|desktop\u00bb border_radii_image=\u00bbon|6px|6px|6px|6px\u00bb sticky_enabled=\u00bb0&#8243;][\/et_pb_blog][\/et_pb_column][\/et_pb_row][\/et_pb_section]","protected":false},"excerpt":{"rendered":"<p>Con m\u00e1s de 30 a\u00f1os de experiencia en el sector TI y m\u00e1s de 10,000 proyectos realizados 2, hemos demostrado c\u00f3mo la implementaci\u00f3n estrat\u00e9gica de servicios en la nube de AWS impulsa la innovaci\u00f3n y la eficiencia operativa en diversos sectores. Desde la optimizaci\u00f3n de procesos cr\u00edticos para la industria automotriz hasta garantizar la continuidad [&hellip;]<\/p>\n","protected":false},"author":2,"featured_media":0,"parent":0,"menu_order":0,"comment_status":"closed","ping_status":"closed","template":"","meta":{"_et_pb_use_builder":"on","_et_pb_old_content":"<!-- wp:divi\/placeholder \/-->","_et_gb_content_width":"","content-type":"","footnotes":""},"class_list":["post-60","page","type-page","status-publish","hentry"],"yoast_head":"<!-- This site is optimized with the Yoast SEO plugin v27.5 - https:\/\/yoast.com\/product\/yoast-seo-wordpress\/ -->\n<title>Casos de \u00c9xito - Scanda<\/title>\n<meta name=\"robots\" content=\"index, follow, max-snippet:-1, max-image-preview:large, max-video-preview:-1\" \/>\n<link rel=\"canonical\" href=\"https:\/\/scanda.com.mx\/en\/success-stories\/\" \/>\n<meta property=\"og:locale\" content=\"en_US\" \/>\n<meta property=\"og:type\" content=\"article\" \/>\n<meta property=\"og:title\" content=\"Casos de \u00c9xito - Scanda\" \/>\n<meta property=\"og:description\" content=\"Con m\u00e1s de 30 a\u00f1os de experiencia en el sector TI y m\u00e1s de 10,000 proyectos realizados 2, hemos demostrado c\u00f3mo la implementaci\u00f3n estrat\u00e9gica de servicios en la nube de AWS impulsa la innovaci\u00f3n y la eficiencia operativa en diversos sectores. Desde la optimizaci\u00f3n de procesos cr\u00edticos para la industria automotriz hasta garantizar la continuidad [&hellip;]\" \/>\n<meta property=\"og:url\" content=\"https:\/\/scanda.com.mx\/en\/success-stories\/\" \/>\n<meta property=\"og:site_name\" content=\"Scanda\" \/>\n<meta property=\"article:modified_time\" content=\"2025-08-27T23:06:45+00:00\" \/>\n<meta name=\"twitter:card\" content=\"summary_large_image\" \/>\n<script type=\"application\/ld+json\" class=\"yoast-schema-graph\">{\"@context\":\"https:\\\/\\\/schema.org\",\"@graph\":[{\"@type\":\"WebPage\",\"@id\":\"https:\\\/\\\/scanda.com.mx\\\/casos-de-exito\\\/\",\"url\":\"https:\\\/\\\/scanda.com.mx\\\/casos-de-exito\\\/\",\"name\":\"Casos de \u00c9xito - Scanda\",\"isPartOf\":{\"@id\":\"https:\\\/\\\/scanda.com.mx\\\/#website\"},\"datePublished\":\"2025-02-07T20:06:17+00:00\",\"dateModified\":\"2025-08-27T23:06:45+00:00\",\"breadcrumb\":{\"@id\":\"https:\\\/\\\/scanda.com.mx\\\/casos-de-exito\\\/#breadcrumb\"},\"inLanguage\":\"en-US\",\"potentialAction\":[{\"@type\":\"ReadAction\",\"target\":[\"https:\\\/\\\/scanda.com.mx\\\/casos-de-exito\\\/\"]}]},{\"@type\":\"BreadcrumbList\",\"@id\":\"https:\\\/\\\/scanda.com.mx\\\/casos-de-exito\\\/#breadcrumb\",\"itemListElement\":[{\"@type\":\"ListItem\",\"position\":1,\"name\":\"Portada\",\"item\":\"https:\\\/\\\/scanda.com.mx\\\/\"},{\"@type\":\"ListItem\",\"position\":2,\"name\":\"Casos de \u00c9xito\"}]},{\"@type\":\"WebSite\",\"@id\":\"https:\\\/\\\/scanda.com.mx\\\/#website\",\"url\":\"https:\\\/\\\/scanda.com.mx\\\/\",\"name\":\"Scanda\",\"description\":\"\",\"potentialAction\":[{\"@type\":\"SearchAction\",\"target\":{\"@type\":\"EntryPoint\",\"urlTemplate\":\"https:\\\/\\\/scanda.com.mx\\\/?s={search_term_string}\"},\"query-input\":{\"@type\":\"PropertyValueSpecification\",\"valueRequired\":true,\"valueName\":\"search_term_string\"}}],\"inLanguage\":\"en-US\"}]}<\/script>\n<!-- \/ Yoast SEO plugin. -->","yoast_head_json":{"title":"Case Studies - Scanda","robots":{"index":"index","follow":"follow","max-snippet":"max-snippet:-1","max-image-preview":"max-image-preview:large","max-video-preview":"max-video-preview:-1"},"canonical":"https:\/\/scanda.com.mx\/en\/success-stories\/","og_locale":"en_US","og_type":"article","og_title":"Casos de \u00c9xito - Scanda","og_description":"Con m\u00e1s de 30 a\u00f1os de experiencia en el sector TI y m\u00e1s de 10,000 proyectos realizados 2, hemos demostrado c\u00f3mo la implementaci\u00f3n estrat\u00e9gica de servicios en la nube de AWS impulsa la innovaci\u00f3n y la eficiencia operativa en diversos sectores. Desde la optimizaci\u00f3n de procesos cr\u00edticos para la industria automotriz hasta garantizar la continuidad [&hellip;]","og_url":"https:\/\/scanda.com.mx\/en\/success-stories\/","og_site_name":"Scanda","article_modified_time":"2025-08-27T23:06:45+00:00","twitter_card":"summary_large_image","schema":{"@context":"https:\/\/schema.org","@graph":[{"@type":"WebPage","@id":"https:\/\/scanda.com.mx\/casos-de-exito\/","url":"https:\/\/scanda.com.mx\/casos-de-exito\/","name":"Case Studies - Scanda","isPartOf":{"@id":"https:\/\/scanda.com.mx\/#website"},"datePublished":"2025-02-07T20:06:17+00:00","dateModified":"2025-08-27T23:06:45+00:00","breadcrumb":{"@id":"https:\/\/scanda.com.mx\/casos-de-exito\/#breadcrumb"},"inLanguage":"en-US","potentialAction":[{"@type":"ReadAction","target":["https:\/\/scanda.com.mx\/casos-de-exito\/"]}]},{"@type":"BreadcrumbList","@id":"https:\/\/scanda.com.mx\/casos-de-exito\/#breadcrumb","itemListElement":[{"@type":"ListItem","position":1,"name":"Portada","item":"https:\/\/scanda.com.mx\/"},{"@type":"ListItem","position":2,"name":"Casos de \u00c9xito"}]},{"@type":"WebSite","@id":"https:\/\/scanda.com.mx\/#website","url":"https:\/\/scanda.com.mx\/","name":"Scanda","description":"","potentialAction":[{"@type":"SearchAction","target":{"@type":"EntryPoint","urlTemplate":"https:\/\/scanda.com.mx\/?s={search_term_string}"},"query-input":{"@type":"PropertyValueSpecification","valueRequired":true,"valueName":"search_term_string"}}],"inLanguage":"en-US"}]}},"_links":{"self":[{"href":"https:\/\/scanda.com.mx\/en\/wp-json\/wp\/v2\/pages\/60","targetHints":{"allow":["GET"]}}],"collection":[{"href":"https:\/\/scanda.com.mx\/en\/wp-json\/wp\/v2\/pages"}],"about":[{"href":"https:\/\/scanda.com.mx\/en\/wp-json\/wp\/v2\/types\/page"}],"author":[{"embeddable":true,"href":"https:\/\/scanda.com.mx\/en\/wp-json\/wp\/v2\/users\/2"}],"replies":[{"embeddable":true,"href":"https:\/\/scanda.com.mx\/en\/wp-json\/wp\/v2\/comments?post=60"}],"version-history":[{"count":6,"href":"https:\/\/scanda.com.mx\/en\/wp-json\/wp\/v2\/pages\/60\/revisions"}],"predecessor-version":[{"id":342850,"href":"https:\/\/scanda.com.mx\/en\/wp-json\/wp\/v2\/pages\/60\/revisions\/342850"}],"wp:attachment":[{"href":"https:\/\/scanda.com.mx\/en\/wp-json\/wp\/v2\/media?parent=60"}],"curies":[{"name":"wp","href":"https:\/\/api.w.org\/{rel}","templated":true}]}}