{"id":343672,"date":"2026-02-10T23:26:48","date_gmt":"2026-02-10T23:26:48","guid":{"rendered":"https:\/\/scanda.com.mx\/?page_id=343672"},"modified":"2026-02-10T23:26:56","modified_gmt":"2026-02-10T23:26:56","slug":"aviso-de-privacidad","status":"publish","type":"page","link":"https:\/\/scanda.com.mx\/en\/privacy-notice\/","title":{"rendered":"Privacy Notice"},"content":{"rendered":"<p>[et_pb_section fb_built=\u00bb1&#8243; theme_builder_area=\u00bbpost_content\u00bb _builder_version=\u00bb4.27.4&#8243; _module_preset=\u00bbdefault\u00bb][et_pb_row _builder_version=\u00bb4.27.4&#8243; _module_preset=\u00bbdefault\u00bb theme_builder_area=\u00bbpost_content\u00bb][et_pb_column _builder_version=\u00bb4.27.4&#8243; _module_preset=\u00bbdefault\u00bb type=\u00bb4_4&#8243; theme_builder_area=\u00bbpost_content\u00bb][et_pb_heading title=\u00bbAviso de Privacidad\u00bb _builder_version=\u00bb4.27.4&#8243; _module_preset=\u00bbdefault\u00bb theme_builder_area=\u00bbpost_content\u00bb title_font=\u00bbInter||||||||\u00bb hover_enabled=\u00bb0&#8243; sticky_enabled=\u00bb0&#8243;][\/et_pb_heading][et_pb_text _builder_version=\u00bb4.27.4&#8243; _module_preset=\u00bbdefault\u00bb theme_builder_area=\u00bbpost_content\u00bb hover_enabled=\u00bb0&#8243; sticky_enabled=\u00bb0&#8243; text_font=\u00bbInter||||||||\u00bb]<\/p>\n<p><strong>Grupo Scanda<\/strong> y sus filiales, con domicilio en Miguel Laurent 804, Col. Letr\u00e1n Valle, Delegaci\u00f3n Benito Ju\u00e1rez, C.P. 03650, M\u00e9xico, D.F. (en adelante, \u201cGrupo Scanda\u201d), es responsable del tratamiento de sus datos personales.<\/p>\n<p><strong>Datos personales que recabamos<\/strong><\/p>\n<p>Los datos que se recaben a trav\u00e9s de formularios (por ejemplo: contacto, solicitudes, demos, atenci\u00f3n) pueden incluir: nombre, correo, tel\u00e9fono, empresa, puesto y cualquier informaci\u00f3n que usted capture en el campo de mensaje.<\/p>\n<p><strong>Finalidades del tratamiento<\/strong><\/p>\n<p>Finalidades primarias (necesarias):<\/p>\n<ol>\n<li>a) Atender solicitudes de contacto y brindar informaci\u00f3n sobre servicios.<\/li>\n<li>b) Dar seguimiento comercial y de soporte cuando corresponda.<\/li>\n<li>c) Cumplir obligaciones legales y atender requerimientos de autoridad.<\/li>\n<\/ol>\n<p>Finalidades secundarias (no necesarias):<\/p>\n<ol>\n<li>a) Env\u00edo de informaci\u00f3n promocional, boletines o eventos (cuando aplique). Puede solicitar su negativa para finalidades secundarias al correo indicado en Derechos ARCO.<\/li>\n<\/ol>\n<p><strong>Cookies<\/strong><\/p>\n<p>Actualmente no utilizamos cookies ni herramientas de anal\u00edtica para el tratamiento de datos personales en el sitio web.<\/p>\n<p><strong>Transferencias<\/strong><\/p>\n<p>Los datos podr\u00e1n ser tratados por proveedores encargados (por ejemplo, hosting, correo, soporte) bajo obligaciones de seguridad, y compartidos con autoridades competentes cuando exista requerimiento legal.<\/p>\n<p><strong>Derechos ARCO, revocaci\u00f3n y limitaci\u00f3n<\/strong><\/p>\n<p>Usted puede ejercer sus derechos de Acceso, Rectificaci\u00f3n, Cancelaci\u00f3n u Oposici\u00f3n (ARCO), as\u00ed como revocar su consentimiento o limitar el uso o divulgaci\u00f3n de sus datos personales, enviando su solicitud a <strong>Daniela Tellez Flores<\/strong> al correo <a href=\"mailto:daniela.flores@scanda.com.mx\"><strong>daniela.flores@scanda.com.mx<\/strong><\/a><strong>.<\/strong><\/p>\n<p>La solicitud deber\u00e1 incluir: nombre del titular y medio para comunicar la respuesta, documentos que acrediten su identidad o representaci\u00f3n legal, descripci\u00f3n clara de los datos respecto de los que busca ejercer el derecho, y cualquier elemento que facilite la localizaci\u00f3n de los datos.<\/p>\n<p><strong>Cambios al Aviso de Privacidad<\/strong><\/p>\n<p>Cualquier cambio a este Aviso de Privacidad se comunicar\u00e1 a trav\u00e9s de los medios oficiales de Grupo Scanda (por ejemplo, sitio web corporativo, intranet o repositorio institucional) o por el medio de contacto que tengamos registrado.<\/p>\n<p>[\/et_pb_text][\/et_pb_column][\/et_pb_row][\/et_pb_section]<\/p>\n","protected":false},"excerpt":{"rendered":"<p>Grupo Scanda y sus filiales, con domicilio en Miguel Laurent 804, Col. Letr\u00e1n Valle, Delegaci\u00f3n Benito Ju\u00e1rez, C.P. 03650, M\u00e9xico, D.F. (en adelante, \u201cGrupo Scanda\u201d), es responsable del tratamiento de sus datos personales. Datos personales que recabamos Los datos que se recaben a trav\u00e9s de formularios (por ejemplo: contacto, solicitudes, demos, atenci\u00f3n) pueden incluir: nombre, [&hellip;]<\/p>\n","protected":false},"author":2,"featured_media":0,"parent":0,"menu_order":0,"comment_status":"closed","ping_status":"closed","template":"","meta":{"_et_pb_use_builder":"on","_et_pb_old_content":"","_et_gb_content_width":"","content-type":"","footnotes":""},"class_list":["post-343672","page","type-page","status-publish","hentry"],"yoast_head":"<!-- This site is optimized with the Yoast SEO plugin v27.3 - https:\/\/yoast.com\/product\/yoast-seo-wordpress\/ -->\n<title>Aviso de Privacidad - Scanda<\/title>\n<meta name=\"robots\" content=\"index, follow, max-snippet:-1, max-image-preview:large, max-video-preview:-1\" \/>\n<link rel=\"canonical\" href=\"https:\/\/scanda.com.mx\/en\/privacy-notice\/\" \/>\n<meta property=\"og:locale\" content=\"en_US\" \/>\n<meta property=\"og:type\" content=\"article\" \/>\n<meta property=\"og:title\" content=\"Aviso de Privacidad - Scanda\" \/>\n<meta property=\"og:description\" content=\"Grupo Scanda y sus filiales, con domicilio en Miguel Laurent 804, Col. Letr\u00e1n Valle, Delegaci\u00f3n Benito Ju\u00e1rez, C.P. 03650, M\u00e9xico, D.F. (en adelante, \u201cGrupo Scanda\u201d), es responsable del tratamiento de sus datos personales. Datos personales que recabamos Los datos que se recaben a trav\u00e9s de formularios (por ejemplo: contacto, solicitudes, demos, atenci\u00f3n) pueden incluir: nombre, [&hellip;]\" \/>\n<meta property=\"og:url\" content=\"https:\/\/scanda.com.mx\/en\/privacy-notice\/\" \/>\n<meta property=\"og:site_name\" content=\"Scanda\" \/>\n<meta property=\"article:modified_time\" content=\"2026-02-10T23:26:56+00:00\" \/>\n<meta name=\"twitter:card\" content=\"summary_large_image\" \/>\n<script type=\"application\/ld+json\" class=\"yoast-schema-graph\">{\"@context\":\"https:\\\/\\\/schema.org\",\"@graph\":[{\"@type\":\"WebPage\",\"@id\":\"https:\\\/\\\/scanda.com.mx\\\/aviso-de-privacidad\\\/\",\"url\":\"https:\\\/\\\/scanda.com.mx\\\/aviso-de-privacidad\\\/\",\"name\":\"Aviso de Privacidad - Scanda\",\"isPartOf\":{\"@id\":\"https:\\\/\\\/scanda.com.mx\\\/#website\"},\"datePublished\":\"2026-02-10T23:26:48+00:00\",\"dateModified\":\"2026-02-10T23:26:56+00:00\",\"breadcrumb\":{\"@id\":\"https:\\\/\\\/scanda.com.mx\\\/aviso-de-privacidad\\\/#breadcrumb\"},\"inLanguage\":\"en-US\",\"potentialAction\":[{\"@type\":\"ReadAction\",\"target\":[\"https:\\\/\\\/scanda.com.mx\\\/aviso-de-privacidad\\\/\"]}]},{\"@type\":\"BreadcrumbList\",\"@id\":\"https:\\\/\\\/scanda.com.mx\\\/aviso-de-privacidad\\\/#breadcrumb\",\"itemListElement\":[{\"@type\":\"ListItem\",\"position\":1,\"name\":\"Portada\",\"item\":\"https:\\\/\\\/scanda.com.mx\\\/\"},{\"@type\":\"ListItem\",\"position\":2,\"name\":\"Aviso de Privacidad\"}]},{\"@type\":\"WebSite\",\"@id\":\"https:\\\/\\\/scanda.com.mx\\\/#website\",\"url\":\"https:\\\/\\\/scanda.com.mx\\\/\",\"name\":\"Scanda\",\"description\":\"\",\"potentialAction\":[{\"@type\":\"SearchAction\",\"target\":{\"@type\":\"EntryPoint\",\"urlTemplate\":\"https:\\\/\\\/scanda.com.mx\\\/?s={search_term_string}\"},\"query-input\":{\"@type\":\"PropertyValueSpecification\",\"valueRequired\":true,\"valueName\":\"search_term_string\"}}],\"inLanguage\":\"en-US\"}]}<\/script>\n<!-- \/ Yoast SEO plugin. -->","yoast_head_json":{"title":"Privacy Notice - Scanda","robots":{"index":"index","follow":"follow","max-snippet":"max-snippet:-1","max-image-preview":"max-image-preview:large","max-video-preview":"max-video-preview:-1"},"canonical":"https:\/\/scanda.com.mx\/en\/privacy-notice\/","og_locale":"en_US","og_type":"article","og_title":"Aviso de Privacidad - Scanda","og_description":"Grupo Scanda y sus filiales, con domicilio en Miguel Laurent 804, Col. Letr\u00e1n Valle, Delegaci\u00f3n Benito Ju\u00e1rez, C.P. 03650, M\u00e9xico, D.F. (en adelante, \u201cGrupo Scanda\u201d), es responsable del tratamiento de sus datos personales. Datos personales que recabamos Los datos que se recaben a trav\u00e9s de formularios (por ejemplo: contacto, solicitudes, demos, atenci\u00f3n) pueden incluir: nombre, [&hellip;]","og_url":"https:\/\/scanda.com.mx\/en\/privacy-notice\/","og_site_name":"Scanda","article_modified_time":"2026-02-10T23:26:56+00:00","twitter_card":"summary_large_image","schema":{"@context":"https:\/\/schema.org","@graph":[{"@type":"WebPage","@id":"https:\/\/scanda.com.mx\/aviso-de-privacidad\/","url":"https:\/\/scanda.com.mx\/aviso-de-privacidad\/","name":"Privacy Notice - Scanda","isPartOf":{"@id":"https:\/\/scanda.com.mx\/#website"},"datePublished":"2026-02-10T23:26:48+00:00","dateModified":"2026-02-10T23:26:56+00:00","breadcrumb":{"@id":"https:\/\/scanda.com.mx\/aviso-de-privacidad\/#breadcrumb"},"inLanguage":"en-US","potentialAction":[{"@type":"ReadAction","target":["https:\/\/scanda.com.mx\/aviso-de-privacidad\/"]}]},{"@type":"BreadcrumbList","@id":"https:\/\/scanda.com.mx\/aviso-de-privacidad\/#breadcrumb","itemListElement":[{"@type":"ListItem","position":1,"name":"Portada","item":"https:\/\/scanda.com.mx\/"},{"@type":"ListItem","position":2,"name":"Aviso de Privacidad"}]},{"@type":"WebSite","@id":"https:\/\/scanda.com.mx\/#website","url":"https:\/\/scanda.com.mx\/","name":"Scanda","description":"","potentialAction":[{"@type":"SearchAction","target":{"@type":"EntryPoint","urlTemplate":"https:\/\/scanda.com.mx\/?s={search_term_string}"},"query-input":{"@type":"PropertyValueSpecification","valueRequired":true,"valueName":"search_term_string"}}],"inLanguage":"en-US"}]}},"_links":{"self":[{"href":"https:\/\/scanda.com.mx\/en\/wp-json\/wp\/v2\/pages\/343672","targetHints":{"allow":["GET"]}}],"collection":[{"href":"https:\/\/scanda.com.mx\/en\/wp-json\/wp\/v2\/pages"}],"about":[{"href":"https:\/\/scanda.com.mx\/en\/wp-json\/wp\/v2\/types\/page"}],"author":[{"embeddable":true,"href":"https:\/\/scanda.com.mx\/en\/wp-json\/wp\/v2\/users\/2"}],"replies":[{"embeddable":true,"href":"https:\/\/scanda.com.mx\/en\/wp-json\/wp\/v2\/comments?post=343672"}],"version-history":[{"count":2,"href":"https:\/\/scanda.com.mx\/en\/wp-json\/wp\/v2\/pages\/343672\/revisions"}],"predecessor-version":[{"id":343674,"href":"https:\/\/scanda.com.mx\/en\/wp-json\/wp\/v2\/pages\/343672\/revisions\/343674"}],"wp:attachment":[{"href":"https:\/\/scanda.com.mx\/en\/wp-json\/wp\/v2\/media?parent=343672"}],"curies":[{"name":"wp","href":"https:\/\/api.w.org\/{rel}","templated":true}]}}